{"id":623,"date":"2023-01-14T09:32:59","date_gmt":"2023-01-14T08:32:59","guid":{"rendered":"https:\/\/www.martinov-hram.com\/gostisce\/"},"modified":"2024-05-21T09:09:46","modified_gmt":"2024-05-21T07:09:46","slug":"gostisce","status":"publish","type":"page","link":"https:\/\/www.martinov-hram.com\/it\/gostisce\/","title":{"rendered":"Ristorante"},"content":{"rendered":"\n<div class=\"wp-block-genesis-blocks-gb-container alignfull gb-block-container\"><div class=\"gb-container-inside\"><div class=\"gb-container-content\">\n<div class=\"wp-block-cover alignfull\" style=\"min-height:50vh;aspect-ratio:unset;\"><span aria-hidden=\"true\" class=\"wp-block-cover__background has-background-dim-60 has-background-dim\"><\/span><img loading=\"lazy\" decoding=\"async\" width=\"1500\" height=\"864\" class=\"wp-block-cover__image-background wp-image-758\" alt=\"\" src=\"https:\/\/www.martinov-hram.com\/wp-content\/uploads\/2023\/03\/HK5A3866-86martinov-hram-bovec-bed-breakfast-web.jpg\" data-object-fit=\"cover\" srcset=\"https:\/\/www.martinov-hram.com\/wp-content\/uploads\/2023\/03\/HK5A3866-86martinov-hram-bovec-bed-breakfast-web.jpg 1500w, https:\/\/www.martinov-hram.com\/wp-content\/uploads\/2023\/03\/HK5A3866-86martinov-hram-bovec-bed-breakfast-web-300x173.jpg 300w, https:\/\/www.martinov-hram.com\/wp-content\/uploads\/2023\/03\/HK5A3866-86martinov-hram-bovec-bed-breakfast-web-1024x590.jpg 1024w, https:\/\/www.martinov-hram.com\/wp-content\/uploads\/2023\/03\/HK5A3866-86martinov-hram-bovec-bed-breakfast-web-768x442.jpg 768w\" sizes=\"(max-width: 1500px) 100vw, 1500px\" \/><div class=\"wp-block-cover__inner-container is-layout-flow wp-block-cover-is-layout-flow\">\n<div class=\"wp-block-genesis-blocks-gb-container gb-block-container\"><div class=\"gb-container-inside\"><div class=\"gb-container-content\" style=\"max-width:800px\"><style>@media only screen and (max-width: 600px) {.gb-69e61af4c00ed{font-size: 37px!important;}}<\/style>\n<h1 class=\"gb-69e61af4c00ed wp-block-heading has-text-align-center has-white-color has-text-color\" style=\"font-size:60px\">RISTORANTE<\/h1>\n\n\n\n<p class=\"has-text-align-center has-white-color has-text-color has-larger-font-size\">Il ristorante e&#8217;gestito dalla nostra famiglia da pi\u00f9 di quarant&#8217;anni e sin dal primo giorno proponiamo piatti tipici del posto. <\/p>\n<\/div><\/div><\/div>\n<\/div><\/div>\n<\/div><\/div><\/div>\n\n\n\n<div style=\"margin-top:10%\" class=\"wp-block-genesis-blocks-gb-container gb-block-container\"><div class=\"gb-container-inside\"><div class=\"gb-container-content\">\n<p><\/p>\n\n\n\n<h2 class=\"wp-block-heading has-text-align-center\">Cibo della tradizione locale <\/h2>\n\n\n\n<p class=\"has-text-align-center has-large-font-size\">Suggeriamo di assaggiare i piatti tipici di Bovec: <\/p>\n\n\n\n<div style=\"height:3em\" aria-hidden=\"true\" class=\"wp-block-spacer\"><\/div>\n\n\n\n<figure class=\"wp-block-gallery has-nested-images columns-5 is-cropped ikonekambovcuBC gostisceikone wp-block-gallery-1 is-layout-flex wp-block-gallery-is-layout-flex\">\n<figure class=\"wp-block-image size-thumbnail is-style-default\"><img decoding=\"async\" src=\"https:\/\/www.martinov-hram.com\/wp-content\/uploads\/2023\/01\/cheese.svg\" alt=\"\" class=\"wp-image-207\"\/><figcaption class=\"wp-element-caption\">Formaggio di pecora Bovka<\/figcaption><\/figure>\n\n\n\n<figure class=\"wp-block-image size-thumbnail\"><img loading=\"lazy\" decoding=\"async\" width=\"512\" height=\"512\" src=\"https:\/\/www.martinov-hram.com\/wp-content\/uploads\/2023\/01\/baked-potato.svg\" alt=\"\" class=\"wp-image-205\"\/><figcaption class=\"wp-element-caption\">chompa con cagliata di pecora<\/figcaption><\/figure>\n\n\n\n<figure class=\"wp-block-image size-thumbnail\"><img loading=\"lazy\" decoding=\"async\" width=\"512\" height=\"512\" src=\"https:\/\/www.martinov-hram.com\/wp-content\/uploads\/2023\/01\/hot-soup.svg\" alt=\"\" class=\"wp-image-208\"\/><figcaption class=\"wp-element-caption\">Zuppa di ricotta Bovka<\/figcaption><\/figure>\n\n\n\n<figure class=\"wp-block-image size-thumbnail\"><img loading=\"lazy\" decoding=\"async\" width=\"512\" height=\"512\" src=\"https:\/\/www.martinov-hram.com\/wp-content\/uploads\/2023\/01\/carpaccio.svg\" alt=\"\" class=\"wp-image-204\"\/><figcaption class=\"wp-element-caption\">carpaccio di trota, cervo<\/figcaption><\/figure>\n\n\n\n<figure class=\"wp-block-image size-thumbnail\"><img loading=\"lazy\" decoding=\"async\" width=\"512\" height=\"512\" src=\"https:\/\/www.martinov-hram.com\/wp-content\/uploads\/2023\/01\/frika.svg\" alt=\"\" class=\"wp-image-209\"\/><figcaption class=\"wp-element-caption\">Bov\u0161ka e Trentar freak<\/figcaption><\/figure>\n\n\n\n<figure class=\"wp-block-image size-thumbnail\"><img loading=\"lazy\" decoding=\"async\" width=\"479\" height=\"479\" src=\"https:\/\/www.martinov-hram.com\/wp-content\/uploads\/2023\/01\/postrv.svg\" alt=\"\" class=\"wp-image-212\"\/><figcaption class=\"wp-element-caption\">bov\u0161ka in trentarska frika<\/figcaption><\/figure>\n\n\n\n<figure class=\"wp-block-image size-thumbnail\"><img loading=\"lazy\" decoding=\"async\" width=\"682\" height=\"682\" src=\"https:\/\/www.martinov-hram.com\/wp-content\/uploads\/2023\/01\/jagnjetina-polenta.svg\" alt=\"\" class=\"wp-image-210\"\/><figcaption class=\"wp-element-caption\">agnello con polenta di maiale<\/figcaption><\/figure>\n\n\n\n<figure class=\"wp-block-image size-thumbnail\"><img loading=\"lazy\" decoding=\"async\" width=\"512\" height=\"512\" src=\"https:\/\/www.martinov-hram.com\/wp-content\/uploads\/2023\/01\/divjacina.svg\" alt=\"\" class=\"wp-image-206\"\/><figcaption class=\"wp-element-caption\">piatti di selvaggina<\/figcaption><\/figure>\n\n\n\n<figure class=\"wp-block-image size-thumbnail\"><img loading=\"lazy\" decoding=\"async\" width=\"682\" height=\"682\" src=\"https:\/\/www.martinov-hram.com\/wp-content\/uploads\/2023\/01\/pretlaceno-strocje.svg\" alt=\"\" class=\"wp-image-213\"\/><figcaption class=\"wp-element-caption\">baccelli schiacciati<\/figcaption><\/figure>\n\n\n\n<figure class=\"wp-block-image size-thumbnail\"><img decoding=\"async\" src=\"https:\/\/www.martinov-hram.com\/wp-content\/uploads\/2023\/01\/krafni.svg\" alt=\"\" class=\"wp-image-211\"\/><figcaption class=\"wp-element-caption\">Bov\u0161ki krafi<\/figcaption><\/figure>\n<\/figure>\n<\/div><\/div><\/div>\n\n\n\n<div style=\"margin-top:10%\" class=\"wp-block-genesis-blocks-gb-container gb-block-container\"><div class=\"gb-container-inside\"><div class=\"gb-container-content\">\n<h2 class=\"wp-block-heading has-text-align-center\">CIBO DELLA TRADIZIONE LOCALE<\/h2>\n\n\n\n<p class=\"has-text-align-center has-large-font-size\">Suggeriamo di assaggiare i piatti tipici di Bovec:<\/p>\n\n\n\n<div style=\"height:3em\" aria-hidden=\"true\" class=\"wp-block-spacer\"><\/div>\n\n\n\n<figure class=\"wp-block-gallery has-nested-images columns-2 is-cropped ikonekambovcuBC gostisceikone wp-block-gallery-2 is-layout-flex wp-block-gallery-is-layout-flex\">\n<figure class=\"wp-block-image size-full is-style-default\"><a href=\"https:\/\/www.martinov-hram.com\/wp-content\/uploads\/2023\/03\/HK5A3798-75martinov-hram-bovec-bed-breakfast-web.jpg\"><img loading=\"lazy\" decoding=\"async\" width=\"1500\" height=\"803\" src=\"https:\/\/www.martinov-hram.com\/wp-content\/uploads\/2023\/03\/HK5A3798-75martinov-hram-bovec-bed-breakfast-web.jpg\" alt=\"\" class=\"wp-image-733\" srcset=\"https:\/\/www.martinov-hram.com\/wp-content\/uploads\/2023\/03\/HK5A3798-75martinov-hram-bovec-bed-breakfast-web.jpg 1500w, https:\/\/www.martinov-hram.com\/wp-content\/uploads\/2023\/03\/HK5A3798-75martinov-hram-bovec-bed-breakfast-web-300x161.jpg 300w, https:\/\/www.martinov-hram.com\/wp-content\/uploads\/2023\/03\/HK5A3798-75martinov-hram-bovec-bed-breakfast-web-1024x548.jpg 1024w, https:\/\/www.martinov-hram.com\/wp-content\/uploads\/2023\/03\/HK5A3798-75martinov-hram-bovec-bed-breakfast-web-768x411.jpg 768w\" sizes=\"(max-width: 1500px) 100vw, 1500px\" \/><\/a><figcaption class=\"wp-element-caption\">bocconcini con cagliata di pecora e formaggio di pecora<\/figcaption><\/figure>\n\n\n\n<figure class=\"wp-block-image size-full\"><a href=\"https:\/\/www.martinov-hram.com\/wp-content\/uploads\/2023\/03\/martinov-hram-bovec-bed-breakfastfood-3.jpg\"><img loading=\"lazy\" decoding=\"async\" width=\"1000\" height=\"535\" src=\"https:\/\/www.martinov-hram.com\/wp-content\/uploads\/2023\/03\/martinov-hram-bovec-bed-breakfastfood-3.jpg\" alt=\"\" class=\"wp-image-801\" srcset=\"https:\/\/www.martinov-hram.com\/wp-content\/uploads\/2023\/03\/martinov-hram-bovec-bed-breakfastfood-3.jpg 1000w, https:\/\/www.martinov-hram.com\/wp-content\/uploads\/2023\/03\/martinov-hram-bovec-bed-breakfastfood-3-300x161.jpg 300w, https:\/\/www.martinov-hram.com\/wp-content\/uploads\/2023\/03\/martinov-hram-bovec-bed-breakfastfood-3-768x411.jpg 768w\" sizes=\"(max-width: 1000px) 100vw, 1000px\" \/><\/a><figcaption class=\"wp-element-caption\">zuppa di ricotta di pecora fatta in casa<\/figcaption><\/figure>\n\n\n\n<figure class=\"wp-block-image size-full\"><a href=\"https:\/\/www.martinov-hram.com\/wp-content\/uploads\/2023\/03\/martinov-hram-bovec-bed-breakfastfood-2.jpg\"><img loading=\"lazy\" decoding=\"async\" width=\"1000\" height=\"535\" src=\"https:\/\/www.martinov-hram.com\/wp-content\/uploads\/2023\/03\/martinov-hram-bovec-bed-breakfastfood-2.jpg\" alt=\"\" class=\"wp-image-798\" srcset=\"https:\/\/www.martinov-hram.com\/wp-content\/uploads\/2023\/03\/martinov-hram-bovec-bed-breakfastfood-2.jpg 1000w, https:\/\/www.martinov-hram.com\/wp-content\/uploads\/2023\/03\/martinov-hram-bovec-bed-breakfastfood-2-300x161.jpg 300w, https:\/\/www.martinov-hram.com\/wp-content\/uploads\/2023\/03\/martinov-hram-bovec-bed-breakfastfood-2-768x411.jpg 768w\" sizes=\"(max-width: 1000px) 100vw, 1000px\" \/><\/a><figcaption class=\"wp-element-caption\">trota fatta in casa<\/figcaption><\/figure>\n\n\n\n<figure class=\"wp-block-image size-full\"><a href=\"https:\/\/www.martinov-hram.com\/wp-content\/uploads\/2023\/03\/martinov-hram-bovec-bed-breakfastfood-1.jpg\"><img loading=\"lazy\" decoding=\"async\" width=\"1000\" height=\"535\" src=\"https:\/\/www.martinov-hram.com\/wp-content\/uploads\/2023\/03\/martinov-hram-bovec-bed-breakfastfood-1.jpg\" alt=\"\" class=\"wp-image-795\" srcset=\"https:\/\/www.martinov-hram.com\/wp-content\/uploads\/2023\/03\/martinov-hram-bovec-bed-breakfastfood-1.jpg 1000w, https:\/\/www.martinov-hram.com\/wp-content\/uploads\/2023\/03\/martinov-hram-bovec-bed-breakfastfood-1-300x161.jpg 300w, https:\/\/www.martinov-hram.com\/wp-content\/uploads\/2023\/03\/martinov-hram-bovec-bed-breakfastfood-1-768x411.jpg 768w\" sizes=\"(max-width: 1000px) 100vw, 1000px\" \/><\/a><figcaption class=\"wp-element-caption\">Bovski krafi<\/figcaption><\/figure>\n<\/figure>\n<\/div><\/div><\/div>\n\n\n\n<div style=\"background-color:#f7f7f7;padding-left:5%;padding-right:5%;padding-bottom:3%;padding-top:5%;margin-top:10%;margin-bottom:5%\" class=\"wp-block-genesis-blocks-gb-container gb-block-container\"><div class=\"gb-container-inside\"><div class=\"gb-container-content\">\n<h2 class=\"wp-block-heading has-text-align-center\">Riserva<\/h2>\n\n\n\n<p class=\"has-text-align-center\">Chiamaci allo +386 5 \/ 38 86 214<\/p>\n<\/div><\/div><\/div>\n","protected":false},"excerpt":{"rendered":"","protected":false},"author":1,"featured_media":735,"parent":0,"menu_order":0,"comment_status":"closed","ping_status":"closed","template":"","meta":{"inline_featured_image":false,"_genesis_hide_title":true,"_genesis_hide_breadcrumbs":false,"_genesis_hide_singular_image":false,"_genesis_hide_footer_widgets":false,"_genesis_custom_body_class":"","_genesis_custom_post_class":"","_genesis_layout":"","footnotes":""},"class_list":{"0":"post-623","1":"page","2":"type-page","3":"status-publish","4":"has-post-thumbnail","6":"entry"},"yoast_head":"<!-- This site is optimized with the Yoast SEO plugin v23.6 - https:\/\/yoast.com\/wordpress\/plugins\/seo\/ -->\n<title>Ristorante &#8226; B&amp;B MARTINOV HRAM<\/title>\n<meta name=\"description\" content=\"Martinov hram gosti\u0161\u010de v Bovcu vam nudi 12 sodobno opremljenih sob, prijeten ambient, zunanji letni vrt in pester izbor lokalnih in klasi\u010dnih jedi.\" \/>\n<meta name=\"robots\" content=\"index, follow, max-snippet:-1, max-image-preview:large, max-video-preview:-1\" \/>\n<link rel=\"canonical\" href=\"https:\/\/www.martinov-hram.com\/it\/gostisce\/\" \/>\n<meta property=\"og:locale\" content=\"it_IT\" \/>\n<meta property=\"og:type\" content=\"article\" \/>\n<meta property=\"og:title\" content=\"Ristorante &#8226; B&amp;B MARTINOV HRAM\" \/>\n<meta property=\"og:description\" content=\"Martinov hram gosti\u0161\u010de v Bovcu vam nudi 12 sodobno opremljenih sob, prijeten ambient, zunanji letni vrt in pester izbor lokalnih in klasi\u010dnih jedi.\" \/>\n<meta property=\"og:url\" content=\"https:\/\/www.martinov-hram.com\/it\/gostisce\/\" \/>\n<meta property=\"og:site_name\" content=\"B&amp;B MARTINOV HRAM\" \/>\n<meta property=\"article:modified_time\" content=\"2024-05-21T07:09:46+00:00\" \/>\n<meta property=\"og:image\" content=\"https:\/\/www.martinov-hram.com\/wp-content\/uploads\/2023\/03\/HK5A3798-75martinov-hram-bovec-bed-breakfast-web.jpg\" \/>\n\t<meta property=\"og:image:width\" content=\"1500\" \/>\n\t<meta property=\"og:image:height\" content=\"803\" \/>\n\t<meta property=\"og:image:type\" content=\"image\/jpeg\" \/>\n<meta name=\"twitter:card\" content=\"summary_large_image\" \/>\n<meta name=\"twitter:label1\" content=\"Est. reading time\" \/>\n\t<meta name=\"twitter:data1\" content=\"4 minutes\" \/>\n<script type=\"application\/ld+json\" class=\"yoast-schema-graph\">{\"@context\":\"https:\/\/schema.org\",\"@graph\":[{\"@type\":\"WebPage\",\"@id\":\"https:\/\/www.martinov-hram.com\/it\/gostisce\/\",\"url\":\"https:\/\/www.martinov-hram.com\/it\/gostisce\/\",\"name\":\"Ristorante &#8226; B&B MARTINOV HRAM\",\"isPartOf\":{\"@id\":\"https:\/\/www.martinov-hram.com\/#website\"},\"primaryImageOfPage\":{\"@id\":\"https:\/\/www.martinov-hram.com\/it\/gostisce\/#primaryimage\"},\"image\":{\"@id\":\"https:\/\/www.martinov-hram.com\/it\/gostisce\/#primaryimage\"},\"thumbnailUrl\":\"https:\/\/www.martinov-hram.com\/wp-content\/uploads\/2023\/03\/HK5A3798-75martinov-hram-bovec-bed-breakfast-web.jpg?wsr\",\"datePublished\":\"2023-01-14T08:32:59+00:00\",\"dateModified\":\"2024-05-21T07:09:46+00:00\",\"description\":\"Martinov hram gosti\u0161\u010de v Bovcu vam nudi 12 sodobno opremljenih sob, prijeten ambient, zunanji letni vrt in pester izbor lokalnih in klasi\u010dnih jedi.\",\"breadcrumb\":{\"@id\":\"https:\/\/www.martinov-hram.com\/it\/gostisce\/#breadcrumb\"},\"inLanguage\":\"it-IT\",\"potentialAction\":[{\"@type\":\"ReadAction\",\"target\":[\"https:\/\/www.martinov-hram.com\/it\/gostisce\/\"]}]},{\"@type\":\"ImageObject\",\"inLanguage\":\"it-IT\",\"@id\":\"https:\/\/www.martinov-hram.com\/it\/gostisce\/#primaryimage\",\"url\":\"https:\/\/www.martinov-hram.com\/wp-content\/uploads\/2023\/03\/HK5A3798-75martinov-hram-bovec-bed-breakfast-web.jpg?wsr\",\"contentUrl\":\"https:\/\/www.martinov-hram.com\/wp-content\/uploads\/2023\/03\/HK5A3798-75martinov-hram-bovec-bed-breakfast-web.jpg?wsr\",\"width\":1500,\"height\":803},{\"@type\":\"BreadcrumbList\",\"@id\":\"https:\/\/www.martinov-hram.com\/it\/gostisce\/#breadcrumb\",\"itemListElement\":[{\"@type\":\"ListItem\",\"position\":1,\"name\":\"Domov\",\"item\":\"https:\/\/www.martinov-hram.com\/it\/\"},{\"@type\":\"ListItem\",\"position\":2,\"name\":\"Ristorante\"}]},{\"@type\":\"WebSite\",\"@id\":\"https:\/\/www.martinov-hram.com\/#website\",\"url\":\"https:\/\/www.martinov-hram.com\/\",\"name\":\"Martinov hram - preno\u010di\u0161\u010de in gosti\u0161\u010de\",\"description\":\"Martinov hram gosti\u0161\u010de v Bovcu vam nudi 12 sodobno opremljenih sob, prijeten ambient, zunanji letni vrt in pester izbor lokalnih in klasi\u010dnih jedi.\",\"alternateName\":\"Martinov hram\",\"potentialAction\":[{\"@type\":\"SearchAction\",\"target\":{\"@type\":\"EntryPoint\",\"urlTemplate\":\"https:\/\/www.martinov-hram.com\/?s={search_term_string}\"},\"query-input\":{\"@type\":\"PropertyValueSpecification\",\"valueRequired\":true,\"valueName\":\"search_term_string\"}}],\"inLanguage\":\"it-IT\"}]}<\/script>\n<!-- \/ Yoast SEO plugin. -->","yoast_head_json":{"title":"Ristorante &#8226; B&B MARTINOV HRAM","description":"Martinov hram gosti\u0161\u010de v Bovcu vam nudi 12 sodobno opremljenih sob, prijeten ambient, zunanji letni vrt in pester izbor lokalnih in klasi\u010dnih jedi.","robots":{"index":"index","follow":"follow","max-snippet":"max-snippet:-1","max-image-preview":"max-image-preview:large","max-video-preview":"max-video-preview:-1"},"canonical":"https:\/\/www.martinov-hram.com\/it\/gostisce\/","og_locale":"it_IT","og_type":"article","og_title":"Ristorante &#8226; B&B MARTINOV HRAM","og_description":"Martinov hram gosti\u0161\u010de v Bovcu vam nudi 12 sodobno opremljenih sob, prijeten ambient, zunanji letni vrt in pester izbor lokalnih in klasi\u010dnih jedi.","og_url":"https:\/\/www.martinov-hram.com\/it\/gostisce\/","og_site_name":"B&B MARTINOV HRAM","article_modified_time":"2024-05-21T07:09:46+00:00","og_image":[{"width":1500,"height":803,"url":"https:\/\/www.martinov-hram.com\/wp-content\/uploads\/2023\/03\/HK5A3798-75martinov-hram-bovec-bed-breakfast-web.jpg","type":"image\/jpeg"}],"twitter_card":"summary_large_image","twitter_misc":{"Est. reading time":"4 minutes"},"schema":{"@context":"https:\/\/schema.org","@graph":[{"@type":"WebPage","@id":"https:\/\/www.martinov-hram.com\/it\/gostisce\/","url":"https:\/\/www.martinov-hram.com\/it\/gostisce\/","name":"Ristorante &#8226; B&B MARTINOV HRAM","isPartOf":{"@id":"https:\/\/www.martinov-hram.com\/#website"},"primaryImageOfPage":{"@id":"https:\/\/www.martinov-hram.com\/it\/gostisce\/#primaryimage"},"image":{"@id":"https:\/\/www.martinov-hram.com\/it\/gostisce\/#primaryimage"},"thumbnailUrl":"https:\/\/www.martinov-hram.com\/wp-content\/uploads\/2023\/03\/HK5A3798-75martinov-hram-bovec-bed-breakfast-web.jpg?wsr","datePublished":"2023-01-14T08:32:59+00:00","dateModified":"2024-05-21T07:09:46+00:00","description":"Martinov hram gosti\u0161\u010de v Bovcu vam nudi 12 sodobno opremljenih sob, prijeten ambient, zunanji letni vrt in pester izbor lokalnih in klasi\u010dnih jedi.","breadcrumb":{"@id":"https:\/\/www.martinov-hram.com\/it\/gostisce\/#breadcrumb"},"inLanguage":"it-IT","potentialAction":[{"@type":"ReadAction","target":["https:\/\/www.martinov-hram.com\/it\/gostisce\/"]}]},{"@type":"ImageObject","inLanguage":"it-IT","@id":"https:\/\/www.martinov-hram.com\/it\/gostisce\/#primaryimage","url":"https:\/\/www.martinov-hram.com\/wp-content\/uploads\/2023\/03\/HK5A3798-75martinov-hram-bovec-bed-breakfast-web.jpg?wsr","contentUrl":"https:\/\/www.martinov-hram.com\/wp-content\/uploads\/2023\/03\/HK5A3798-75martinov-hram-bovec-bed-breakfast-web.jpg?wsr","width":1500,"height":803},{"@type":"BreadcrumbList","@id":"https:\/\/www.martinov-hram.com\/it\/gostisce\/#breadcrumb","itemListElement":[{"@type":"ListItem","position":1,"name":"Domov","item":"https:\/\/www.martinov-hram.com\/it\/"},{"@type":"ListItem","position":2,"name":"Ristorante"}]},{"@type":"WebSite","@id":"https:\/\/www.martinov-hram.com\/#website","url":"https:\/\/www.martinov-hram.com\/","name":"Martinov hram - preno\u010di\u0161\u010de in gosti\u0161\u010de","description":"Martinov hram gosti\u0161\u010de v Bovcu vam nudi 12 sodobno opremljenih sob, prijeten ambient, zunanji letni vrt in pester izbor lokalnih in klasi\u010dnih jedi.","alternateName":"Martinov hram","potentialAction":[{"@type":"SearchAction","target":{"@type":"EntryPoint","urlTemplate":"https:\/\/www.martinov-hram.com\/?s={search_term_string}"},"query-input":{"@type":"PropertyValueSpecification","valueRequired":true,"valueName":"search_term_string"}}],"inLanguage":"it-IT"}]}},"featured_image_src":"https:\/\/www.martinov-hram.com\/wp-content\/uploads\/2023\/03\/HK5A3798-75martinov-hram-bovec-bed-breakfast-web-600x400.jpg?wsr","featured_image_src_square":"https:\/\/www.martinov-hram.com\/wp-content\/uploads\/2023\/03\/HK5A3798-75martinov-hram-bovec-bed-breakfast-web-600x600.jpg?wsr","_links":{"self":[{"href":"https:\/\/www.martinov-hram.com\/it\/wp-json\/wp\/v2\/pages\/623"}],"collection":[{"href":"https:\/\/www.martinov-hram.com\/it\/wp-json\/wp\/v2\/pages"}],"about":[{"href":"https:\/\/www.martinov-hram.com\/it\/wp-json\/wp\/v2\/types\/page"}],"author":[{"embeddable":true,"href":"https:\/\/www.martinov-hram.com\/it\/wp-json\/wp\/v2\/users\/1"}],"replies":[{"embeddable":true,"href":"https:\/\/www.martinov-hram.com\/it\/wp-json\/wp\/v2\/comments?post=623"}],"version-history":[{"count":13,"href":"https:\/\/www.martinov-hram.com\/it\/wp-json\/wp\/v2\/pages\/623\/revisions"}],"predecessor-version":[{"id":988,"href":"https:\/\/www.martinov-hram.com\/it\/wp-json\/wp\/v2\/pages\/623\/revisions\/988"}],"wp:featuredmedia":[{"embeddable":true,"href":"https:\/\/www.martinov-hram.com\/it\/wp-json\/wp\/v2\/media\/735"}],"wp:attachment":[{"href":"https:\/\/www.martinov-hram.com\/it\/wp-json\/wp\/v2\/media?parent=623"}],"curies":[{"name":"wp","href":"https:\/\/api.w.org\/{rel}","templated":true}]}}