{"id":542,"date":"2023-01-14T09:34:03","date_gmt":"2023-01-14T08:34:03","guid":{"rendered":"https:\/\/www.martinov-hram.com\/kontakt-in-rezervacija\/"},"modified":"2024-05-15T08:39:07","modified_gmt":"2024-05-15T06:39:07","slug":"kontakt","status":"publish","type":"page","link":"https:\/\/www.martinov-hram.com\/it\/kontakt\/","title":{"rendered":"Contatto e prenotazione"},"content":{"rendered":"\n<div style=\"margin-top:5%\" class=\"wp-block-genesis-blocks-gb-container gb-block-container\"><div class=\"gb-container-inside\"><div class=\"gb-container-content\">\n<div class=\"wp-block-media-text alignwide has-media-on-the-right is-stacked-on-mobile slikadesna\"><div class=\"wp-block-media-text__content\">\n<p class=\"has-text-align-left has-large-font-size\"><strong>Invia una richiesta: <\/strong><\/p>\n\n\n\n<div class=\"wp-block-contact-form-7-contact-form-selector\">\n<div class=\"wpcf7 no-js\" id=\"wpcf7-f444-o1\" lang=\"en-US\" dir=\"ltr\">\n<div class=\"screen-reader-response\"><p role=\"status\" aria-live=\"polite\" aria-atomic=\"true\"><\/p> <ul><\/ul><\/div>\n<form action=\"\/it\/wp-json\/wp\/v2\/pages\/542#wpcf7-f444-o1\" method=\"post\" class=\"wpcf7-form init\" aria-label=\"Contact form\" novalidate=\"novalidate\" data-status=\"init\">\n<div style=\"display: none;\">\n<input type=\"hidden\" name=\"_wpcf7\" value=\"444\" \/>\n<input type=\"hidden\" name=\"_wpcf7_version\" value=\"5.9.8\" \/>\n<input type=\"hidden\" name=\"_wpcf7_locale\" value=\"en_US\" \/>\n<input type=\"hidden\" name=\"_wpcf7_unit_tag\" value=\"wpcf7-f444-o1\" \/>\n<input type=\"hidden\" name=\"_wpcf7_container_post\" value=\"0\" \/>\n<input type=\"hidden\" name=\"_wpcf7_posted_data_hash\" value=\"\" \/>\n<\/div>\n<div class=\"vrstasobe\">\n\t<p><span class=\"wpcf7-form-control-wrap\" data-name=\"vrstasobe\"><span class=\"wpcf7-form-control wpcf7-radio\"><span class=\"wpcf7-list-item first\"><label><input type=\"radio\" name=\"vrstasobe\" value=\"camera doppia\" checked=\"checked\" \/><span class=\"wpcf7-list-item-label\">camera doppia<\/span><\/label><\/span><span class=\"wpcf7-list-item\"><label><input type=\"radio\" name=\"vrstasobe\" value=\"camera doppia\" checked=\"checked\" \/><span class=\"wpcf7-list-item-label\">camera doppia<\/span><\/label><\/span><span class=\"wpcf7-list-item\"><label><input type=\"radio\" name=\"vrstasobe\" value=\"camera appartamento\" \/><span class=\"wpcf7-list-item-label\">camera appartamento<\/span><\/label><\/span><span class=\"wpcf7-list-item last\"><label><input type=\"radio\" name=\"vrstasobe\" value=\"camera singola\" \/><span class=\"wpcf7-list-item-label\">camera singola<\/span><\/label><\/span><\/span><\/span>\n\t<\/p>\n<\/div>\n<p><label>Numero di stanze:<br \/>\n<span class=\"wpcf7-form-control-wrap\" data-name=\"stsob\"><input class=\"wpcf7-form-control wpcf7-number wpcf7-validates-as-number\" min=\"0\" max=\"20\" aria-invalid=\"false\" value=\"1\" type=\"number\" name=\"stsob\" \/><\/span><\/label>\n<\/p>\n<p><label>Numero di adulti:<br \/>\n<span class=\"wpcf7-form-control-wrap\" data-name=\"odrasleosebe\"><input class=\"wpcf7-form-control wpcf7-number wpcf7-validates-as-number\" min=\"0\" max=\"20\" aria-invalid=\"false\" value=\"0\" type=\"number\" name=\"odrasleosebe\" \/><\/span><\/label>\n<\/p>\n<p><label>Numero di bambini:<br \/>\n<span class=\"wpcf7-form-control-wrap\" data-name=\"otroci\"><input class=\"wpcf7-form-control wpcf7-number wpcf7-validates-as-number\" min=\"0\" max=\"20\" aria-invalid=\"false\" value=\"0\" type=\"number\" name=\"otroci\" \/><\/span><\/label>\n<\/p>\n<p><label><span class=\"wpcf7-form-control-wrap\" data-name=\"termin\"><input size=\"40\" maxlength=\"400\" class=\"wpcf7-form-control wpcf7-text wpcf7-validates-as-required\" autocomplete=\"termin\" aria-required=\"true\" aria-invalid=\"false\" placeholder=\"Data di prenotazione\" value=\"\" type=\"text\" name=\"termin\" \/><\/span><\/label>\n<\/p>\n<p><label><span class=\"wpcf7-form-control-wrap\" data-name=\"your-name\"><input size=\"40\" maxlength=\"400\" class=\"wpcf7-form-control wpcf7-text wpcf7-validates-as-required\" autocomplete=\"name\" aria-required=\"true\" aria-invalid=\"false\" placeholder=\"Nome\" value=\"\" type=\"text\" name=\"your-name\" \/><\/span> <\/label>\n<\/p>\n<p><label><span class=\"wpcf7-form-control-wrap\" data-name=\"your-email\"><input size=\"40\" maxlength=\"400\" class=\"wpcf7-form-control wpcf7-email wpcf7-validates-as-required wpcf7-text wpcf7-validates-as-email\" autocomplete=\"email\" aria-required=\"true\" aria-invalid=\"false\" placeholder=\"E-mail\" value=\"\" type=\"email\" name=\"your-email\" \/><\/span> <\/label>\n<\/p>\n<p><label><span class=\"wpcf7-form-control-wrap\" data-name=\"your-message\"><input size=\"40\" maxlength=\"400\" class=\"wpcf7-form-control wpcf7-text\" aria-invalid=\"false\" placeholder=\"Numero di telefono\" value=\"\" type=\"text\" name=\"your-message\" \/><\/span> <\/label>\n<\/p>\n<p><label><span class=\"wpcf7-form-control-wrap\" data-name=\"your-message\"><textarea cols=\"3\" rows=\"3\" maxlength=\"2000\" class=\"wpcf7-form-control wpcf7-textarea\" aria-invalid=\"false\" placeholder=\"Messaggio aggiuntivo e appuntamento desiderato\" name=\"your-message\"><\/textarea><\/span> <\/label>\n<\/p>\n<p><span id=\"wpcf7-69e88c5518733-wrapper\" class=\"wpcf7-form-control-wrap honeypot-128-wrap\" style=\"display:none !important; visibility:hidden !important;\"><label for=\"dsada\" class=\"hp-message\">Please leave this field empty.<\/label><input id=\"dsada\"  class=\"wpcf7-form-control wpcf7-text\" type=\"text\" name=\"honeypot-128\" value=\"\" size=\"40\" tabindex=\"-1\" autocomplete=\"new-password\" \/><\/span><span class=\"wpcf7-form-control-wrap\" data-name=\"gdpr\"><span class=\"wpcf7-form-control wpcf7-acceptance\"><span class=\"wpcf7-list-item\"><label><input type=\"checkbox\" name=\"gdpr\" value=\"1\" aria-invalid=\"false\" \/><span class=\"wpcf7-list-item-label\">Accetto che questo sito Web memorizzi le mie informazioni personali in conformit\u00e0 con l'Informativa sulla privacy per poter rispondere al mio messaggio.<\/span><\/label><\/span><\/span><\/span>\n<\/p>\n<p><em>Risponderemo entro 24-48 ore. Grazie per la pazienza e la comprensione.<\/em>\n<\/p>\n<p><input class=\"wpcf7-form-control wpcf7-submit has-spinner\" type=\"submit\" value=\"INVIA UNA RICHIESTA\" \/>\n<\/p><div class=\"wpcf7-response-output\" aria-hidden=\"true\"><\/div>\n<\/form>\n<\/div>\n<\/div>\n<\/div><figure class=\"wp-block-media-text__media\"><img loading=\"lazy\" decoding=\"async\" width=\"768\" height=\"1024\" src=\"https:\/\/www.martinov-hram.com\/wp-content\/uploads\/2023\/01\/martinov-hram-2-768x1024.jpg\" alt=\"Martinov Hram\" class=\"wp-image-73 size-full\" srcset=\"https:\/\/www.martinov-hram.com\/wp-content\/uploads\/2023\/01\/martinov-hram-2-768x1024.jpg 768w, https:\/\/www.martinov-hram.com\/wp-content\/uploads\/2023\/01\/martinov-hram-2-225x300.jpg 225w, https:\/\/www.martinov-hram.com\/wp-content\/uploads\/2023\/01\/martinov-hram-2-1152x1536.jpg 1152w, https:\/\/www.martinov-hram.com\/wp-content\/uploads\/2023\/01\/martinov-hram-2.jpg 1500w\" sizes=\"(max-width: 768px) 100vw, 768px\" \/><\/figure><\/div>\n<\/div><\/div><\/div>\n\n\n\n<div style=\"margin-top:10%;margin-bottom:10%\" class=\"wp-block-genesis-blocks-gb-container gb-block-container\"><div class=\"gb-container-inside\"><div class=\"gb-container-content\">\n<div class=\"wp-block-genesis-blocks-gb-columns gb-layout-columns-2 gb-2-col-equal\"><div class=\"gb-layout-column-wrap gb-block-layout-column-gap-2 gb-is-responsive-column\">\n<div class=\"wp-block-genesis-blocks-gb-column gb-block-layout-column\"><div class=\"gb-block-layout-column-inner\">\n<iframe src=\"https:\/\/www.google.com\/maps\/embed?pb=!1m14!1m8!1m3!1d11018.239619169552!2d13.553628!3d46.338431!3m2!1i1024!2i768!4f13.1!3m3!1m2!1s0x0%3A0x75a9c12485191368!2sGosti%C5%A1%C4%8De%20Martinov%20hram%20-%20Guest%20house%20-%20restaurant!5e0!3m2!1ssl!2ssi!4v1673687461676!5m2!1ssl!2ssi\" width=\"600\" height=\"450\" style=\"border:0;\" allowfullscreen=\"\" loading=\"lazy\" referrerpolicy=\"no-referrer-when-downgrade\"><\/iframe>\n<\/div><\/div>\n\n\n\n<div class=\"wp-block-genesis-blocks-gb-column gb-block-layout-column gb-is-vertically-aligned-center\"><div class=\"gb-block-layout-column-inner\">\n<h3 class=\"wp-block-heading\"><a href=\"https:\/\/goo.gl\/maps\/ncNE9JqZDQQzKw7w5\" target=\"_blank\" rel=\"noreferrer noopener\">MARTINOV HRAM d.o.o.<\/a><br><\/h3>\n\n\n\n<p>Trg golobarskih \u017ertev 27<br>Bovec \u2013 Slovenija<\/p>\n\n\n\n<p>Telefono: +386 5 \/ 38 86 214<br>E-mail: <a href=\"mailto:sara.berginc@gmail.com\" target=\"_blank\" rel=\"noreferrer noopener\">sara.berginc@gmail.com<\/a> <\/p>\n\n\n\n<h3 class=\"wp-block-heading has-barva-1-color has-text-color\">ORARIO DI APERTURA<\/h3>\n\n\n<p><strong data-start=\"18\" data-end=\"37\">Petek \u2013 Sobota:<\/strong> 12:00\u201320:00<br data-start=\"49\" data-end=\"52\" data-is-only-node=\"\" \/><strong data-start=\"52\" data-end=\"64\">Nedelja:<\/strong> 12:00\u201321:00<br data-start=\"76\" data-end=\"79\" \/><strong data-start=\"79\" data-end=\"104\">Ponedeljek \u2013 \u010cetrtek:<\/strong> zaprto<\/p>\n<p><em>Urnik se spremeni glede na sezono dela.<\/em><\/p>\n\n<\/div><\/div>\n<\/div><\/div>\n<\/div><\/div><\/div>\n","protected":false},"excerpt":{"rendered":"","protected":false},"author":1,"featured_media":398,"parent":0,"menu_order":0,"comment_status":"closed","ping_status":"closed","template":"","meta":{"inline_featured_image":false,"_genesis_hide_title":false,"_genesis_hide_breadcrumbs":false,"_genesis_hide_singular_image":false,"_genesis_hide_footer_widgets":false,"_genesis_custom_body_class":"kontakt","_genesis_custom_post_class":"","_genesis_layout":"","footnotes":""},"class_list":{"0":"post-542","1":"page","2":"type-page","3":"status-publish","4":"has-post-thumbnail","6":"entry"},"yoast_head":"<!-- This site is optimized with the Yoast SEO plugin v23.6 - https:\/\/yoast.com\/wordpress\/plugins\/seo\/ -->\n<title>Contatto e prenotazione &#8226; B&amp;B MARTINOV HRAM<\/title>\n<meta name=\"description\" content=\"Martinov hram gosti\u0161\u010de v Bovcu vam nudi 12 sodobno opremljenih sob, prijeten ambient, zunanji letni vrt in pester izbor lokalnih in klasi\u010dnih jedi.\" \/>\n<meta name=\"robots\" content=\"index, follow, max-snippet:-1, max-image-preview:large, max-video-preview:-1\" \/>\n<link rel=\"canonical\" href=\"https:\/\/www.martinov-hram.com\/it\/kontakt\/\" \/>\n<meta property=\"og:locale\" content=\"it_IT\" \/>\n<meta property=\"og:type\" content=\"article\" \/>\n<meta property=\"og:title\" content=\"Contatto e prenotazione &#8226; B&amp;B MARTINOV HRAM\" \/>\n<meta property=\"og:description\" content=\"Martinov hram gosti\u0161\u010de v Bovcu vam nudi 12 sodobno opremljenih sob, prijeten ambient, zunanji letni vrt in pester izbor lokalnih in klasi\u010dnih jedi.\" \/>\n<meta property=\"og:url\" content=\"https:\/\/www.martinov-hram.com\/it\/kontakt\/\" \/>\n<meta property=\"og:site_name\" content=\"B&amp;B MARTINOV HRAM\" \/>\n<meta property=\"article:modified_time\" content=\"2024-05-15T06:39:07+00:00\" \/>\n<meta property=\"og:image\" content=\"https:\/\/www.martinov-hram.com\/wp-content\/uploads\/2023\/01\/martinov-hram-6.jpg\" \/>\n\t<meta property=\"og:image:width\" content=\"1000\" \/>\n\t<meta property=\"og:image:height\" content=\"750\" \/>\n\t<meta property=\"og:image:type\" content=\"image\/jpeg\" \/>\n<meta name=\"twitter:card\" content=\"summary_large_image\" \/>\n<meta name=\"twitter:label1\" content=\"Est. reading time\" \/>\n\t<meta name=\"twitter:data1\" content=\"1 minute\" \/>\n<script type=\"application\/ld+json\" class=\"yoast-schema-graph\">{\"@context\":\"https:\/\/schema.org\",\"@graph\":[{\"@type\":\"WebPage\",\"@id\":\"https:\/\/www.martinov-hram.com\/it\/kontakt\/\",\"url\":\"https:\/\/www.martinov-hram.com\/it\/kontakt\/\",\"name\":\"Contatto e prenotazione &#8226; B&B MARTINOV HRAM\",\"isPartOf\":{\"@id\":\"https:\/\/www.martinov-hram.com\/#website\"},\"primaryImageOfPage\":{\"@id\":\"https:\/\/www.martinov-hram.com\/it\/kontakt\/#primaryimage\"},\"image\":{\"@id\":\"https:\/\/www.martinov-hram.com\/it\/kontakt\/#primaryimage\"},\"thumbnailUrl\":\"https:\/\/www.martinov-hram.com\/wp-content\/uploads\/2023\/01\/martinov-hram-6.jpg?wsr\",\"datePublished\":\"2023-01-14T08:34:03+00:00\",\"dateModified\":\"2024-05-15T06:39:07+00:00\",\"description\":\"Martinov hram gosti\u0161\u010de v Bovcu vam nudi 12 sodobno opremljenih sob, prijeten ambient, zunanji letni vrt in pester izbor lokalnih in klasi\u010dnih jedi.\",\"breadcrumb\":{\"@id\":\"https:\/\/www.martinov-hram.com\/it\/kontakt\/#breadcrumb\"},\"inLanguage\":\"it-IT\",\"potentialAction\":[{\"@type\":\"ReadAction\",\"target\":[\"https:\/\/www.martinov-hram.com\/it\/kontakt\/\"]}]},{\"@type\":\"ImageObject\",\"inLanguage\":\"it-IT\",\"@id\":\"https:\/\/www.martinov-hram.com\/it\/kontakt\/#primaryimage\",\"url\":\"https:\/\/www.martinov-hram.com\/wp-content\/uploads\/2023\/01\/martinov-hram-6.jpg?wsr\",\"contentUrl\":\"https:\/\/www.martinov-hram.com\/wp-content\/uploads\/2023\/01\/martinov-hram-6.jpg?wsr\",\"width\":1000,\"height\":750},{\"@type\":\"BreadcrumbList\",\"@id\":\"https:\/\/www.martinov-hram.com\/it\/kontakt\/#breadcrumb\",\"itemListElement\":[{\"@type\":\"ListItem\",\"position\":1,\"name\":\"Domov\",\"item\":\"https:\/\/www.martinov-hram.com\/it\/\"},{\"@type\":\"ListItem\",\"position\":2,\"name\":\"Contatto e prenotazione\"}]},{\"@type\":\"WebSite\",\"@id\":\"https:\/\/www.martinov-hram.com\/#website\",\"url\":\"https:\/\/www.martinov-hram.com\/\",\"name\":\"Martinov hram - preno\u010di\u0161\u010de in gosti\u0161\u010de\",\"description\":\"Martinov hram gosti\u0161\u010de v Bovcu vam nudi 12 sodobno opremljenih sob, prijeten ambient, zunanji letni vrt in pester izbor lokalnih in klasi\u010dnih jedi.\",\"alternateName\":\"Martinov hram\",\"potentialAction\":[{\"@type\":\"SearchAction\",\"target\":{\"@type\":\"EntryPoint\",\"urlTemplate\":\"https:\/\/www.martinov-hram.com\/?s={search_term_string}\"},\"query-input\":{\"@type\":\"PropertyValueSpecification\",\"valueRequired\":true,\"valueName\":\"search_term_string\"}}],\"inLanguage\":\"it-IT\"}]}<\/script>\n<!-- \/ Yoast SEO plugin. -->","yoast_head_json":{"title":"Contatto e prenotazione &#8226; B&B MARTINOV HRAM","description":"Martinov hram gosti\u0161\u010de v Bovcu vam nudi 12 sodobno opremljenih sob, prijeten ambient, zunanji letni vrt in pester izbor lokalnih in klasi\u010dnih jedi.","robots":{"index":"index","follow":"follow","max-snippet":"max-snippet:-1","max-image-preview":"max-image-preview:large","max-video-preview":"max-video-preview:-1"},"canonical":"https:\/\/www.martinov-hram.com\/it\/kontakt\/","og_locale":"it_IT","og_type":"article","og_title":"Contatto e prenotazione &#8226; B&B MARTINOV HRAM","og_description":"Martinov hram gosti\u0161\u010de v Bovcu vam nudi 12 sodobno opremljenih sob, prijeten ambient, zunanji letni vrt in pester izbor lokalnih in klasi\u010dnih jedi.","og_url":"https:\/\/www.martinov-hram.com\/it\/kontakt\/","og_site_name":"B&B MARTINOV HRAM","article_modified_time":"2024-05-15T06:39:07+00:00","og_image":[{"width":1000,"height":750,"url":"https:\/\/www.martinov-hram.com\/wp-content\/uploads\/2023\/01\/martinov-hram-6.jpg","type":"image\/jpeg"}],"twitter_card":"summary_large_image","twitter_misc":{"Est. reading time":"1 minute"},"schema":{"@context":"https:\/\/schema.org","@graph":[{"@type":"WebPage","@id":"https:\/\/www.martinov-hram.com\/it\/kontakt\/","url":"https:\/\/www.martinov-hram.com\/it\/kontakt\/","name":"Contatto e prenotazione &#8226; B&B MARTINOV HRAM","isPartOf":{"@id":"https:\/\/www.martinov-hram.com\/#website"},"primaryImageOfPage":{"@id":"https:\/\/www.martinov-hram.com\/it\/kontakt\/#primaryimage"},"image":{"@id":"https:\/\/www.martinov-hram.com\/it\/kontakt\/#primaryimage"},"thumbnailUrl":"https:\/\/www.martinov-hram.com\/wp-content\/uploads\/2023\/01\/martinov-hram-6.jpg?wsr","datePublished":"2023-01-14T08:34:03+00:00","dateModified":"2024-05-15T06:39:07+00:00","description":"Martinov hram gosti\u0161\u010de v Bovcu vam nudi 12 sodobno opremljenih sob, prijeten ambient, zunanji letni vrt in pester izbor lokalnih in klasi\u010dnih jedi.","breadcrumb":{"@id":"https:\/\/www.martinov-hram.com\/it\/kontakt\/#breadcrumb"},"inLanguage":"it-IT","potentialAction":[{"@type":"ReadAction","target":["https:\/\/www.martinov-hram.com\/it\/kontakt\/"]}]},{"@type":"ImageObject","inLanguage":"it-IT","@id":"https:\/\/www.martinov-hram.com\/it\/kontakt\/#primaryimage","url":"https:\/\/www.martinov-hram.com\/wp-content\/uploads\/2023\/01\/martinov-hram-6.jpg?wsr","contentUrl":"https:\/\/www.martinov-hram.com\/wp-content\/uploads\/2023\/01\/martinov-hram-6.jpg?wsr","width":1000,"height":750},{"@type":"BreadcrumbList","@id":"https:\/\/www.martinov-hram.com\/it\/kontakt\/#breadcrumb","itemListElement":[{"@type":"ListItem","position":1,"name":"Domov","item":"https:\/\/www.martinov-hram.com\/it\/"},{"@type":"ListItem","position":2,"name":"Contatto e prenotazione"}]},{"@type":"WebSite","@id":"https:\/\/www.martinov-hram.com\/#website","url":"https:\/\/www.martinov-hram.com\/","name":"Martinov hram - preno\u010di\u0161\u010de in gosti\u0161\u010de","description":"Martinov hram gosti\u0161\u010de v Bovcu vam nudi 12 sodobno opremljenih sob, prijeten ambient, zunanji letni vrt in pester izbor lokalnih in klasi\u010dnih jedi.","alternateName":"Martinov hram","potentialAction":[{"@type":"SearchAction","target":{"@type":"EntryPoint","urlTemplate":"https:\/\/www.martinov-hram.com\/?s={search_term_string}"},"query-input":{"@type":"PropertyValueSpecification","valueRequired":true,"valueName":"search_term_string"}}],"inLanguage":"it-IT"}]}},"featured_image_src":"https:\/\/www.martinov-hram.com\/wp-content\/uploads\/2023\/01\/martinov-hram-6-600x400.jpg?wsr","featured_image_src_square":"https:\/\/www.martinov-hram.com\/wp-content\/uploads\/2023\/01\/martinov-hram-6-600x600.jpg?wsr","_links":{"self":[{"href":"https:\/\/www.martinov-hram.com\/it\/wp-json\/wp\/v2\/pages\/542"}],"collection":[{"href":"https:\/\/www.martinov-hram.com\/it\/wp-json\/wp\/v2\/pages"}],"about":[{"href":"https:\/\/www.martinov-hram.com\/it\/wp-json\/wp\/v2\/types\/page"}],"author":[{"embeddable":true,"href":"https:\/\/www.martinov-hram.com\/it\/wp-json\/wp\/v2\/users\/1"}],"replies":[{"embeddable":true,"href":"https:\/\/www.martinov-hram.com\/it\/wp-json\/wp\/v2\/comments?post=542"}],"version-history":[{"count":10,"href":"https:\/\/www.martinov-hram.com\/it\/wp-json\/wp\/v2\/pages\/542\/revisions"}],"predecessor-version":[{"id":979,"href":"https:\/\/www.martinov-hram.com\/it\/wp-json\/wp\/v2\/pages\/542\/revisions\/979"}],"wp:featuredmedia":[{"embeddable":true,"href":"https:\/\/www.martinov-hram.com\/it\/wp-json\/wp\/v2\/media\/398"}],"wp:attachment":[{"href":"https:\/\/www.martinov-hram.com\/it\/wp-json\/wp\/v2\/media?parent=542"}],"curies":[{"name":"wp","href":"https:\/\/api.w.org\/{rel}","templated":true}]}}