{"id":618,"date":"2023-01-13T12:32:12","date_gmt":"2023-01-13T11:32:12","guid":{"rendered":"https:\/\/www.martinov-hram.com\/zasebnost\/"},"modified":"2023-05-15T18:08:53","modified_gmt":"2023-05-15T16:08:53","slug":"zasebnost","status":"publish","type":"page","link":"https:\/\/www.martinov-hram.com\/en\/zasebnost\/","title":{"rendered":"Privacy policy"},"content":{"rendered":"\n<p>Protection of personal data<\/p>\n\n\n\n<p>The GOSTI\u0160\u010cE MARTINOV HRAM d.o.o. company is the personal data controller for the&nbsp;<a href=\"http:\/\/www.martinov-hram.com\/\">www.martinov-hram.com<\/a> webpage.<\/p>\n\n\n\n<p>GOSTI\u0160\u010cE MARTINOV HRAM d.o.o. commits to protect all communicated personal data in accordance with the Slovenian&nbsp;<a href=\"http:\/\/www.evroterm.gov.si\/evrokorpus\/svez_slovar4.php?beseda=%22Personal%20Data%20Protection%20Act%22&amp;jezik=slov&amp;drugi=E\">Personal Data Protection Act<\/a>&nbsp;(ZVOP-1). All communicated data will be treated in strict confidence and for the purposes for which they were supplied.<\/p>\n\n\n\n<p>GOSTI\u0160\u010cE MARTINOV HRAM d.o.o. processes and stores an individual\u2019s personal data for the purposes for which they were supplied by the individual, i.e. communication and reservation.<\/p>\n\n\n\n<p>When managing indirectly or directly communicated personal data, GOSTI\u0160\u010cE MARTINOV HRAM d.o.o. is bound by the&nbsp;<a href=\"http:\/\/www.evroterm.gov.si\/evrokorpus\/svez_slovar4.php?beseda=%22Personal%20Data%20Protection%20Act%22&amp;jezik=slov&amp;drugi=E\">Personal Data Protection Act<\/a>&nbsp;(ZVOP-1) which stipulates the rights, obligations, principles and measures for the prevention of unconstitutional, illegal or unjustified interference with the privacy and dignity of individuals in the processing of personal data. The basis for the collection of personal data is the web form which the client completes by entering the data necessary for communication or reservation.<\/p>\n\n\n\n<p>GOSTI\u0160\u010cE MARTINOV HRAM d.o.o. undertakes not to communicate personal data to any third parties or to transmit them outside the EU or the European Economic Area or to any international organisation operating in those regions, except where that is compliant with the applicable legislation. During the period in which personal data are being managed, an individual has the right to access to as well as the transcription, copying, supplementation, correction, blocking or deletion of his or her personal data in the company\u2019s database, in accordance with the applicable legislation.<\/p>\n\n\n\n<p>GOSTI\u0160\u010cE MARTINOV HRAM d.o.o. undertakes to protect the supplied personal data and prevent their misuse. Personal data will be used solely for the purposes for which an individual gave his or her agreement. GOSTI\u0160\u010cE MARTINOV HRAM d.o.o. commits to store the supplied data only for such time as may be required to achieve the purposes for which they were supplied.<\/p>\n\n\n\n<p>Upon the expiry of the need to keep personal data or upon an individual\u2019s written notification at the e-mail address&nbsp;<a href=\"mailto:sara.berginc@gmail.com\">sara.berginc@gmail.com<\/a>, the data will be deleted or the relevant data carriers will be destroyed.<\/p>\n\n\n\n<p>Users may at any time require an alteration or deletion of their personal data at the e-mail address&nbsp;<a href=\"mailto:sara.berginc@gmail.com\">sara.berginc@gmail.com<\/a>. The data will be deleted within the shortest possible time.<\/p>\n\n\n\n<p>Data misuse<\/p>\n\n\n\n<p>GOSTI\u0160\u010cE MARTINOV HRAM &nbsp;d.o.o. undertakes to protect your personal data in accordance with the General Data Protection Regulation. Should any data misuse occur, GOSTI\u0160\u010cE MARTINOV HRAM d.o.o. will inform you at your e-mail address within the shortest possible time and not later than within 72 hours of establishing a misuse.<\/p>\n\n\n\n<p>Accountability<\/p>\n\n\n\n<p>This webpage is constructed and managed with the greatest possible diligence. Nonetheless,&nbsp;<a href=\"http:\/\/www.bovec-rafting-team.com\/\"><\/a><a href=\"http:\/\/www.martinov-hram.com\/\">www.martinov-hram.com<\/a>&nbsp;cannot guarantee that all information on the webpage is up-to-date, accurate and correct. Any information may change without prior notice.<\/p>\n\n\n\n<p>Cookies<\/p>\n\n\n\n<p>Cookies are small information files, temporarily saved on your computer. The user is not informed when cookies are saved on his or her computer. The main purpose of cookies is that they enable web servers to recognise your computer and web browser, customise the web&nbsp;page and provide for lightness and speed. Cookies enable GOSTI\u0160\u010cE MARTINOV HRAM d.o.o. to provide users with the right information that they inquire about. By collecting and storing information&nbsp;about your website settings&nbsp;with the help of cookies, GOSTI\u0160\u010cE MARTINOV HRAM d.o.o. can optimise its web page and marketing experience. Cookies do not enable access to any computer, nor do data collected by means of cookies include any personal data.<\/p>\n","protected":false},"excerpt":{"rendered":"<p>Protection of personal data The GOSTI\u0160\u010cE MARTINOV HRAM d.o.o. company is the personal data controller for the&nbsp;www.martinov-hram.com webpage. GOSTI\u0160\u010cE MARTINOV HRAM d.o.o. commits to protect all communicated personal data in accordance with the Slovenian&nbsp;Personal Data Protection Act&nbsp;(ZVOP-1). All communicated data will be treated in strict confidence and for the purposes for which they were supplied. [&hellip;]<\/p>\n","protected":false},"author":1,"featured_media":404,"parent":0,"menu_order":0,"comment_status":"closed","ping_status":"open","template":"","meta":{"inline_featured_image":false,"_genesis_hide_title":false,"_genesis_hide_breadcrumbs":false,"_genesis_hide_singular_image":false,"_genesis_hide_footer_widgets":false,"_genesis_custom_body_class":"","_genesis_custom_post_class":"","_genesis_layout":"","footnotes":""},"class_list":{"0":"post-618","1":"page","2":"type-page","3":"status-publish","4":"has-post-thumbnail","6":"entry"},"yoast_head":"<!-- This site is optimized with the Yoast SEO plugin v23.6 - https:\/\/yoast.com\/wordpress\/plugins\/seo\/ -->\n<title>Privacy policy &#8226; Martinov Hram B&amp;B<\/title>\n<meta name=\"description\" content=\"Martinov hram gosti\u0161\u010de v Bovcu vam nudi 12 sodobno opremljenih sob, prijeten ambient, zunanji letni vrt in pester izbor lokalnih in klasi\u010dnih jedi.\" \/>\n<meta name=\"robots\" content=\"index, follow, max-snippet:-1, max-image-preview:large, max-video-preview:-1\" \/>\n<link rel=\"canonical\" href=\"https:\/\/www.martinov-hram.com\/en\/zasebnost\/\" \/>\n<meta property=\"og:locale\" content=\"en_US\" \/>\n<meta property=\"og:type\" content=\"article\" \/>\n<meta property=\"og:title\" content=\"Privacy policy &#8226; Martinov Hram B&amp;B\" \/>\n<meta property=\"og:description\" content=\"Martinov hram gosti\u0161\u010de v Bovcu vam nudi 12 sodobno opremljenih sob, prijeten ambient, zunanji letni vrt in pester izbor lokalnih in klasi\u010dnih jedi.\" \/>\n<meta property=\"og:url\" content=\"https:\/\/www.martinov-hram.com\/en\/zasebnost\/\" \/>\n<meta property=\"og:site_name\" content=\"Martinov Hram B&amp;B\" \/>\n<meta property=\"article:modified_time\" content=\"2023-05-15T16:08:53+00:00\" \/>\n<meta property=\"og:image\" content=\"https:\/\/www.martinov-hram.com\/wp-content\/uploads\/2023\/01\/martinov-hram-3.jpg\" \/>\n\t<meta property=\"og:image:width\" content=\"1000\" \/>\n\t<meta property=\"og:image:height\" content=\"750\" \/>\n\t<meta property=\"og:image:type\" content=\"image\/jpeg\" \/>\n<meta name=\"twitter:card\" content=\"summary_large_image\" \/>\n<meta name=\"twitter:label1\" content=\"Est. reading time\" \/>\n\t<meta name=\"twitter:data1\" content=\"4 minutes\" \/>\n<script type=\"application\/ld+json\" class=\"yoast-schema-graph\">{\"@context\":\"https:\/\/schema.org\",\"@graph\":[{\"@type\":\"WebPage\",\"@id\":\"https:\/\/www.martinov-hram.com\/en\/zasebnost\/\",\"url\":\"https:\/\/www.martinov-hram.com\/en\/zasebnost\/\",\"name\":\"Privacy policy &#8226; Martinov Hram B&B\",\"isPartOf\":{\"@id\":\"https:\/\/www.martinov-hram.com\/#website\"},\"primaryImageOfPage\":{\"@id\":\"https:\/\/www.martinov-hram.com\/en\/zasebnost\/#primaryimage\"},\"image\":{\"@id\":\"https:\/\/www.martinov-hram.com\/en\/zasebnost\/#primaryimage\"},\"thumbnailUrl\":\"https:\/\/www.martinov-hram.com\/wp-content\/uploads\/2023\/01\/martinov-hram-3.jpg?wsr\",\"datePublished\":\"2023-01-13T11:32:12+00:00\",\"dateModified\":\"2023-05-15T16:08:53+00:00\",\"description\":\"Martinov hram gosti\u0161\u010de v Bovcu vam nudi 12 sodobno opremljenih sob, prijeten ambient, zunanji letni vrt in pester izbor lokalnih in klasi\u010dnih jedi.\",\"breadcrumb\":{\"@id\":\"https:\/\/www.martinov-hram.com\/en\/zasebnost\/#breadcrumb\"},\"inLanguage\":\"en-US\",\"potentialAction\":[{\"@type\":\"ReadAction\",\"target\":[\"https:\/\/www.martinov-hram.com\/en\/zasebnost\/\"]}]},{\"@type\":\"ImageObject\",\"inLanguage\":\"en-US\",\"@id\":\"https:\/\/www.martinov-hram.com\/en\/zasebnost\/#primaryimage\",\"url\":\"https:\/\/www.martinov-hram.com\/wp-content\/uploads\/2023\/01\/martinov-hram-3.jpg?wsr\",\"contentUrl\":\"https:\/\/www.martinov-hram.com\/wp-content\/uploads\/2023\/01\/martinov-hram-3.jpg?wsr\",\"width\":1000,\"height\":750},{\"@type\":\"BreadcrumbList\",\"@id\":\"https:\/\/www.martinov-hram.com\/en\/zasebnost\/#breadcrumb\",\"itemListElement\":[{\"@type\":\"ListItem\",\"position\":1,\"name\":\"Domov\",\"item\":\"https:\/\/www.martinov-hram.com\/en\/\"},{\"@type\":\"ListItem\",\"position\":2,\"name\":\"Privacy policy\"}]},{\"@type\":\"WebSite\",\"@id\":\"https:\/\/www.martinov-hram.com\/#website\",\"url\":\"https:\/\/www.martinov-hram.com\/\",\"name\":\"Martinov hram - preno\u010di\u0161\u010de in gosti\u0161\u010de\",\"description\":\"Martinov hram gosti\u0161\u010de v Bovcu vam nudi 12 sodobno opremljenih sob, prijeten ambient, zunanji letni vrt in pester izbor lokalnih in klasi\u010dnih jedi.\",\"alternateName\":\"Martinov hram\",\"potentialAction\":[{\"@type\":\"SearchAction\",\"target\":{\"@type\":\"EntryPoint\",\"urlTemplate\":\"https:\/\/www.martinov-hram.com\/?s={search_term_string}\"},\"query-input\":{\"@type\":\"PropertyValueSpecification\",\"valueRequired\":true,\"valueName\":\"search_term_string\"}}],\"inLanguage\":\"en-US\"}]}<\/script>\n<!-- \/ Yoast SEO plugin. -->","yoast_head_json":{"title":"Privacy policy &#8226; Martinov Hram B&B","description":"Martinov hram gosti\u0161\u010de v Bovcu vam nudi 12 sodobno opremljenih sob, prijeten ambient, zunanji letni vrt in pester izbor lokalnih in klasi\u010dnih jedi.","robots":{"index":"index","follow":"follow","max-snippet":"max-snippet:-1","max-image-preview":"max-image-preview:large","max-video-preview":"max-video-preview:-1"},"canonical":"https:\/\/www.martinov-hram.com\/en\/zasebnost\/","og_locale":"en_US","og_type":"article","og_title":"Privacy policy &#8226; Martinov Hram B&B","og_description":"Martinov hram gosti\u0161\u010de v Bovcu vam nudi 12 sodobno opremljenih sob, prijeten ambient, zunanji letni vrt in pester izbor lokalnih in klasi\u010dnih jedi.","og_url":"https:\/\/www.martinov-hram.com\/en\/zasebnost\/","og_site_name":"Martinov Hram B&B","article_modified_time":"2023-05-15T16:08:53+00:00","og_image":[{"width":1000,"height":750,"url":"https:\/\/www.martinov-hram.com\/wp-content\/uploads\/2023\/01\/martinov-hram-3.jpg","type":"image\/jpeg"}],"twitter_card":"summary_large_image","twitter_misc":{"Est. reading time":"4 minutes"},"schema":{"@context":"https:\/\/schema.org","@graph":[{"@type":"WebPage","@id":"https:\/\/www.martinov-hram.com\/en\/zasebnost\/","url":"https:\/\/www.martinov-hram.com\/en\/zasebnost\/","name":"Privacy policy &#8226; Martinov Hram B&B","isPartOf":{"@id":"https:\/\/www.martinov-hram.com\/#website"},"primaryImageOfPage":{"@id":"https:\/\/www.martinov-hram.com\/en\/zasebnost\/#primaryimage"},"image":{"@id":"https:\/\/www.martinov-hram.com\/en\/zasebnost\/#primaryimage"},"thumbnailUrl":"https:\/\/www.martinov-hram.com\/wp-content\/uploads\/2023\/01\/martinov-hram-3.jpg?wsr","datePublished":"2023-01-13T11:32:12+00:00","dateModified":"2023-05-15T16:08:53+00:00","description":"Martinov hram gosti\u0161\u010de v Bovcu vam nudi 12 sodobno opremljenih sob, prijeten ambient, zunanji letni vrt in pester izbor lokalnih in klasi\u010dnih jedi.","breadcrumb":{"@id":"https:\/\/www.martinov-hram.com\/en\/zasebnost\/#breadcrumb"},"inLanguage":"en-US","potentialAction":[{"@type":"ReadAction","target":["https:\/\/www.martinov-hram.com\/en\/zasebnost\/"]}]},{"@type":"ImageObject","inLanguage":"en-US","@id":"https:\/\/www.martinov-hram.com\/en\/zasebnost\/#primaryimage","url":"https:\/\/www.martinov-hram.com\/wp-content\/uploads\/2023\/01\/martinov-hram-3.jpg?wsr","contentUrl":"https:\/\/www.martinov-hram.com\/wp-content\/uploads\/2023\/01\/martinov-hram-3.jpg?wsr","width":1000,"height":750},{"@type":"BreadcrumbList","@id":"https:\/\/www.martinov-hram.com\/en\/zasebnost\/#breadcrumb","itemListElement":[{"@type":"ListItem","position":1,"name":"Domov","item":"https:\/\/www.martinov-hram.com\/en\/"},{"@type":"ListItem","position":2,"name":"Privacy policy"}]},{"@type":"WebSite","@id":"https:\/\/www.martinov-hram.com\/#website","url":"https:\/\/www.martinov-hram.com\/","name":"Martinov hram - preno\u010di\u0161\u010de in gosti\u0161\u010de","description":"Martinov hram gosti\u0161\u010de v Bovcu vam nudi 12 sodobno opremljenih sob, prijeten ambient, zunanji letni vrt in pester izbor lokalnih in klasi\u010dnih jedi.","alternateName":"Martinov hram","potentialAction":[{"@type":"SearchAction","target":{"@type":"EntryPoint","urlTemplate":"https:\/\/www.martinov-hram.com\/?s={search_term_string}"},"query-input":{"@type":"PropertyValueSpecification","valueRequired":true,"valueName":"search_term_string"}}],"inLanguage":"en-US"}]}},"featured_image_src":"https:\/\/www.martinov-hram.com\/wp-content\/uploads\/2023\/01\/martinov-hram-3-600x400.jpg?wsr","featured_image_src_square":"https:\/\/www.martinov-hram.com\/wp-content\/uploads\/2023\/01\/martinov-hram-3-600x600.jpg?wsr","_links":{"self":[{"href":"https:\/\/www.martinov-hram.com\/en\/wp-json\/wp\/v2\/pages\/618"}],"collection":[{"href":"https:\/\/www.martinov-hram.com\/en\/wp-json\/wp\/v2\/pages"}],"about":[{"href":"https:\/\/www.martinov-hram.com\/en\/wp-json\/wp\/v2\/types\/page"}],"author":[{"embeddable":true,"href":"https:\/\/www.martinov-hram.com\/en\/wp-json\/wp\/v2\/users\/1"}],"replies":[{"embeddable":true,"href":"https:\/\/www.martinov-hram.com\/en\/wp-json\/wp\/v2\/comments?post=618"}],"version-history":[{"count":5,"href":"https:\/\/www.martinov-hram.com\/en\/wp-json\/wp\/v2\/pages\/618\/revisions"}],"predecessor-version":[{"id":935,"href":"https:\/\/www.martinov-hram.com\/en\/wp-json\/wp\/v2\/pages\/618\/revisions\/935"}],"wp:featuredmedia":[{"embeddable":true,"href":"https:\/\/www.martinov-hram.com\/en\/wp-json\/wp\/v2\/media\/404"}],"wp:attachment":[{"href":"https:\/\/www.martinov-hram.com\/en\/wp-json\/wp\/v2\/media?parent=618"}],"curies":[{"name":"wp","href":"https:\/\/api.w.org\/{rel}","templated":true}]}}