{"id":538,"date":"2023-01-14T09:33:08","date_gmt":"2023-01-14T08:33:08","guid":{"rendered":"https:\/\/www.martinov-hram.com\/kam-v-bovcu-2\/"},"modified":"2023-04-22T08:02:15","modified_gmt":"2023-04-22T06:02:15","slug":"kam-v-bovcu-2","status":"publish","type":"page","link":"https:\/\/www.martinov-hram.com\/en\/kam-v-bovcu-2\/","title":{"rendered":"Explore"},"content":{"rendered":"\n<div class=\"wp-block-genesis-blocks-gb-container gb-block-container\"><div class=\"gb-container-inside\"><div class=\"gb-container-content\">\n<h2 class=\"wp-block-heading has-text-align-center\">BOVEC<\/h2>\n\n\n\n<p class=\"has-text-align-center\">Bovec offers a variety of activities for everyone.<\/p>\n\n\n\n<div style=\"height:2em\" aria-hidden=\"true\" class=\"wp-block-spacer\"><\/div>\n\n\n\n<figure class=\"wp-block-gallery has-nested-images columns-6 is-cropped ikonekambovcu wp-block-gallery-1 is-layout-flex wp-block-gallery-is-layout-flex\">\n<figure class=\"wp-block-image size-thumbnail\"><img decoding=\"async\" src=\"https:\/\/www.martinov-hram.com\/wp-content\/uploads\/2023\/01\/bicycle.svg\" alt=\"\" class=\"wp-image-136\"\/><\/figure>\n\n\n\n<figure class=\"wp-block-image size-thumbnail\"><img loading=\"lazy\" decoding=\"async\" width=\"512\" height=\"512\" src=\"https:\/\/www.martinov-hram.com\/wp-content\/uploads\/2023\/01\/hiking.svg\" alt=\"\" class=\"wp-image-137\"\/><\/figure>\n\n\n\n<figure class=\"wp-block-image size-thumbnail\"><img decoding=\"async\" src=\"https:\/\/www.martinov-hram.com\/wp-content\/uploads\/2023\/01\/photography.svg\" alt=\"\" class=\"wp-image-138\"\/><\/figure>\n\n\n\n<figure class=\"wp-block-image size-thumbnail\"><img loading=\"lazy\" decoding=\"async\" width=\"682\" height=\"682\" src=\"https:\/\/www.martinov-hram.com\/wp-content\/uploads\/2023\/01\/fishing.svg\" alt=\"\" class=\"wp-image-135\"\/><\/figure>\n\n\n\n<figure class=\"wp-block-image size-thumbnail\"><img decoding=\"async\" src=\"https:\/\/www.martinov-hram.com\/wp-content\/uploads\/2023\/01\/kayak.svg\" alt=\"\" class=\"wp-image-132\"\/><\/figure>\n\n\n\n<figure class=\"wp-block-image size-thumbnail\"><img decoding=\"async\" src=\"https:\/\/www.martinov-hram.com\/wp-content\/uploads\/2023\/01\/landscape.svg\" alt=\"\" class=\"wp-image-134\"\/><\/figure>\n<\/figure>\n\n\n\n<div style=\"height:2em\" aria-hidden=\"true\" class=\"wp-block-spacer\"><\/div>\n<\/div><\/div><\/div>\n\n<div style=\"margin-top:5%\" class=\"wp-block-genesis-blocks-gb-container gb-block-container\"><div class=\"gb-container-inside\"><div class=\"gb-container-content\">\n<figure class=\"wp-block-gallery has-nested-images columns-default is-cropped wp-block-gallery-2 is-layout-flex wp-block-gallery-is-layout-flex\">\n<figure class=\"wp-block-image size-full\"><a href=\"https:\/\/www.martinov-hram.com\/wp-content\/uploads\/2023\/01\/bovec-1-1.jpeg\"><img loading=\"lazy\" decoding=\"async\" width=\"1500\" height=\"998\" src=\"https:\/\/www.martinov-hram.com\/wp-content\/uploads\/2023\/01\/bovec-1-1.jpeg\" alt=\"\" class=\"wp-image-159\" srcset=\"https:\/\/www.martinov-hram.com\/wp-content\/uploads\/2023\/01\/bovec-1-1.jpeg 1500w, https:\/\/www.martinov-hram.com\/wp-content\/uploads\/2023\/01\/bovec-1-1-300x200.jpeg 300w, https:\/\/www.martinov-hram.com\/wp-content\/uploads\/2023\/01\/bovec-1-1-1024x681.jpeg 1024w, https:\/\/www.martinov-hram.com\/wp-content\/uploads\/2023\/01\/bovec-1-1-768x511.jpeg 768w, https:\/\/www.martinov-hram.com\/wp-content\/uploads\/2023\/01\/bovec-1-1-600x400.jpeg 600w\" sizes=\"(max-width: 1500px) 100vw, 1500px\" \/><\/a><\/figure>\n\n\n\n<figure class=\"wp-block-image size-full\"><a href=\"https:\/\/www.martinov-hram.com\/wp-content\/uploads\/2023\/01\/bovec-2.jpeg\"><img loading=\"lazy\" decoding=\"async\" width=\"1500\" height=\"998\" src=\"https:\/\/www.martinov-hram.com\/wp-content\/uploads\/2023\/01\/bovec-2.jpeg\" alt=\"\" class=\"wp-image-161\" srcset=\"https:\/\/www.martinov-hram.com\/wp-content\/uploads\/2023\/01\/bovec-2.jpeg 1500w, https:\/\/www.martinov-hram.com\/wp-content\/uploads\/2023\/01\/bovec-2-300x200.jpeg 300w, https:\/\/www.martinov-hram.com\/wp-content\/uploads\/2023\/01\/bovec-2-1024x681.jpeg 1024w, https:\/\/www.martinov-hram.com\/wp-content\/uploads\/2023\/01\/bovec-2-768x511.jpeg 768w, https:\/\/www.martinov-hram.com\/wp-content\/uploads\/2023\/01\/bovec-2-600x400.jpeg 600w\" sizes=\"(max-width: 1500px) 100vw, 1500px\" \/><\/a><\/figure>\n\n\n\n<figure class=\"wp-block-image size-full\"><a href=\"https:\/\/www.martinov-hram.com\/wp-content\/uploads\/2023\/01\/bovec-3.jpeg\"><img loading=\"lazy\" decoding=\"async\" width=\"1500\" height=\"1124\" src=\"https:\/\/www.martinov-hram.com\/wp-content\/uploads\/2023\/01\/bovec-3.jpeg\" alt=\"\" class=\"wp-image-163\" srcset=\"https:\/\/www.martinov-hram.com\/wp-content\/uploads\/2023\/01\/bovec-3.jpeg 1500w, https:\/\/www.martinov-hram.com\/wp-content\/uploads\/2023\/01\/bovec-3-300x225.jpeg 300w, https:\/\/www.martinov-hram.com\/wp-content\/uploads\/2023\/01\/bovec-3-1024x767.jpeg 1024w, https:\/\/www.martinov-hram.com\/wp-content\/uploads\/2023\/01\/bovec-3-768x575.jpeg 768w, https:\/\/www.martinov-hram.com\/wp-content\/uploads\/2023\/01\/bovec-3-702x526.jpeg 702w\" sizes=\"(max-width: 1500px) 100vw, 1500px\" \/><\/a><\/figure>\n\n\n\n<figure class=\"wp-block-image size-full\"><a href=\"https:\/\/www.martinov-hram.com\/wp-content\/uploads\/2023\/01\/bovec-4.jpeg\"><img loading=\"lazy\" decoding=\"async\" width=\"1500\" height=\"1001\" src=\"https:\/\/www.martinov-hram.com\/wp-content\/uploads\/2023\/01\/bovec-4.jpeg\" alt=\"\" class=\"wp-image-164\" srcset=\"https:\/\/www.martinov-hram.com\/wp-content\/uploads\/2023\/01\/bovec-4.jpeg 1500w, https:\/\/www.martinov-hram.com\/wp-content\/uploads\/2023\/01\/bovec-4-300x200.jpeg 300w, https:\/\/www.martinov-hram.com\/wp-content\/uploads\/2023\/01\/bovec-4-1024x683.jpeg 1024w, https:\/\/www.martinov-hram.com\/wp-content\/uploads\/2023\/01\/bovec-4-768x513.jpeg 768w, https:\/\/www.martinov-hram.com\/wp-content\/uploads\/2023\/01\/bovec-4-600x400.jpeg 600w\" sizes=\"(max-width: 1500px) 100vw, 1500px\" \/><\/a><\/figure>\n\n\n\n<figure class=\"wp-block-image size-full\"><a href=\"https:\/\/www.martinov-hram.com\/wp-content\/uploads\/2023\/01\/bovec-5.jpeg\"><img loading=\"lazy\" decoding=\"async\" width=\"1500\" height=\"1000\" src=\"https:\/\/www.martinov-hram.com\/wp-content\/uploads\/2023\/01\/bovec-5.jpeg\" alt=\"\" class=\"wp-image-162\" srcset=\"https:\/\/www.martinov-hram.com\/wp-content\/uploads\/2023\/01\/bovec-5.jpeg 1500w, https:\/\/www.martinov-hram.com\/wp-content\/uploads\/2023\/01\/bovec-5-300x200.jpeg 300w, https:\/\/www.martinov-hram.com\/wp-content\/uploads\/2023\/01\/bovec-5-1024x683.jpeg 1024w, https:\/\/www.martinov-hram.com\/wp-content\/uploads\/2023\/01\/bovec-5-768x512.jpeg 768w, https:\/\/www.martinov-hram.com\/wp-content\/uploads\/2023\/01\/bovec-5-600x400.jpeg 600w\" sizes=\"(max-width: 1500px) 100vw, 1500px\" \/><\/a><\/figure>\n\n\n\n<figure class=\"wp-block-image size-full\"><a href=\"https:\/\/www.martinov-hram.com\/wp-content\/uploads\/2023\/01\/bovec-6.jpeg\"><img loading=\"lazy\" decoding=\"async\" width=\"1500\" height=\"998\" src=\"https:\/\/www.martinov-hram.com\/wp-content\/uploads\/2023\/01\/bovec-6.jpeg\" alt=\"\" class=\"wp-image-160\" srcset=\"https:\/\/www.martinov-hram.com\/wp-content\/uploads\/2023\/01\/bovec-6.jpeg 1500w, https:\/\/www.martinov-hram.com\/wp-content\/uploads\/2023\/01\/bovec-6-300x200.jpeg 300w, https:\/\/www.martinov-hram.com\/wp-content\/uploads\/2023\/01\/bovec-6-1024x681.jpeg 1024w, https:\/\/www.martinov-hram.com\/wp-content\/uploads\/2023\/01\/bovec-6-768x511.jpeg 768w, https:\/\/www.martinov-hram.com\/wp-content\/uploads\/2023\/01\/bovec-6-600x400.jpeg 600w\" sizes=\"(max-width: 1500px) 100vw, 1500px\" \/><\/a><\/figure>\n\n\n\n<figure class=\"wp-block-image size-full\"><a href=\"https:\/\/www.martinov-hram.com\/wp-content\/uploads\/2023\/01\/bovec-7.jpeg\"><img loading=\"lazy\" decoding=\"async\" width=\"1500\" height=\"998\" src=\"https:\/\/www.martinov-hram.com\/wp-content\/uploads\/2023\/01\/bovec-7.jpeg\" alt=\"\" class=\"wp-image-165\" srcset=\"https:\/\/www.martinov-hram.com\/wp-content\/uploads\/2023\/01\/bovec-7.jpeg 1500w, https:\/\/www.martinov-hram.com\/wp-content\/uploads\/2023\/01\/bovec-7-300x200.jpeg 300w, https:\/\/www.martinov-hram.com\/wp-content\/uploads\/2023\/01\/bovec-7-1024x681.jpeg 1024w, https:\/\/www.martinov-hram.com\/wp-content\/uploads\/2023\/01\/bovec-7-768x511.jpeg 768w, https:\/\/www.martinov-hram.com\/wp-content\/uploads\/2023\/01\/bovec-7-600x400.jpeg 600w\" sizes=\"(max-width: 1500px) 100vw, 1500px\" \/><\/a><\/figure>\n\n\n\n<figure class=\"wp-block-image size-full\"><a href=\"https:\/\/www.martinov-hram.com\/wp-content\/uploads\/2023\/01\/bovec-8.jpeg\"><img loading=\"lazy\" decoding=\"async\" width=\"1500\" height=\"1000\" src=\"https:\/\/www.martinov-hram.com\/wp-content\/uploads\/2023\/01\/bovec-8.jpeg\" alt=\"\" class=\"wp-image-166\" srcset=\"https:\/\/www.martinov-hram.com\/wp-content\/uploads\/2023\/01\/bovec-8.jpeg 1500w, https:\/\/www.martinov-hram.com\/wp-content\/uploads\/2023\/01\/bovec-8-300x200.jpeg 300w, https:\/\/www.martinov-hram.com\/wp-content\/uploads\/2023\/01\/bovec-8-1024x683.jpeg 1024w, https:\/\/www.martinov-hram.com\/wp-content\/uploads\/2023\/01\/bovec-8-768x512.jpeg 768w, https:\/\/www.martinov-hram.com\/wp-content\/uploads\/2023\/01\/bovec-8-600x400.jpeg 600w\" sizes=\"(max-width: 1500px) 100vw, 1500px\" \/><\/a><\/figure>\n<\/figure>\n<\/div><\/div><\/div>\n\n<div style=\"background-color:#f7f7f7;padding-left:5%;padding-right:5%;padding-bottom:5%;padding-top:5%;margin-top:10%;margin-bottom:5%\" class=\"wp-block-genesis-blocks-gb-container gb-block-container\"><div class=\"gb-container-inside\"><div class=\"gb-container-content\">\n<h2 class=\"wp-block-heading has-text-align-center\">We are here for you<\/h2>\n\n\n\n<p class=\"has-text-align-center\"><strong>Do you need additional ideas of where to go in Bovec and what is near Martin&#8217;s Temple?<\/strong><\/p>\n\n\n\n<p class=\"has-text-align-center\">We are happy to recommend tourist locations that are most suitable for the desired time of year. You can spend the night with us and explore beautiful corners of nature that will certainly inspire you.<\/p>\n\n\n\n<div class=\"wp-block-buttons is-content-justification-center is-layout-flex wp-container-core-buttons-is-layout-1 wp-block-buttons-is-layout-flex\">\n<div class=\"wp-block-button has-custom-width wp-block-button__width-50 is-style-outline is-style-outline--6ffbc1cf5c39d09cea9614c5b264be1f\"><a class=\"wp-block-button__link has-background wp-element-button\" href=\"https:\/\/www.soca-valley.com\/\" style=\"background-color:#f7f7f7\" target=\"_blank\" rel=\"noreferrer noopener\">CONTACT THE TOURIST AGENCY<\/a><\/div>\n\n\n\n<div class=\"wp-block-button has-custom-width wp-block-button__width-50 is-style-outline is-style-outline--8b556b921794ad104ef55e8ca188b26e\"><a class=\"wp-block-button__link has-background wp-element-button\" href=\"https:\/\/www.bovec-rafting-team.com\/\" style=\"background-color:#f7f7f7\" target=\"_blank\" rel=\"noreferrer noopener\">FOR RAFTING, KAYAKING, CANYONING<\/a><\/div>\n<\/div>\n<\/div><\/div><\/div>\n","protected":false},"excerpt":{"rendered":"","protected":false},"author":1,"featured_media":321,"parent":0,"menu_order":0,"comment_status":"closed","ping_status":"closed","template":"","meta":{"inline_featured_image":false,"_genesis_hide_title":false,"_genesis_hide_breadcrumbs":false,"_genesis_hide_singular_image":false,"_genesis_hide_footer_widgets":false,"_genesis_custom_body_class":"","_genesis_custom_post_class":"","_genesis_layout":"","footnotes":""},"class_list":{"0":"post-538","1":"page","2":"type-page","3":"status-publish","4":"has-post-thumbnail","6":"entry"},"yoast_head":"<!-- This site is optimized with the Yoast SEO plugin v23.6 - https:\/\/yoast.com\/wordpress\/plugins\/seo\/ -->\n<title>Explore &#8226; Martinov Hram B&amp;B<\/title>\n<meta name=\"description\" content=\"Bovec is a Slovenian town with around 1,600 inhabitants and the center of the municipality of Bovec. The village is located under the southern slope of Rombon, on the highest So\u010da terrace, along the northern edge of the Bov\u0161ka basin. In addition to Rombon, the basin is surrounded by Polovnik in the south, Javor\u0161\u010dek in the east, and Svinjak and the high karst Kaninska range in the northeast.\" \/>\n<meta name=\"robots\" content=\"index, follow, max-snippet:-1, max-image-preview:large, max-video-preview:-1\" \/>\n<link rel=\"canonical\" href=\"https:\/\/www.martinov-hram.com\/en\/kam-v-bovcu-2\/\" \/>\n<meta property=\"og:locale\" content=\"en_US\" \/>\n<meta property=\"og:type\" content=\"article\" \/>\n<meta property=\"og:title\" content=\"Explore &#8226; Martinov Hram B&amp;B\" \/>\n<meta property=\"og:description\" content=\"Bovec is a Slovenian town with around 1,600 inhabitants and the center of the municipality of Bovec. The village is located under the southern slope of Rombon, on the highest So\u010da terrace, along the northern edge of the Bov\u0161ka basin. In addition to Rombon, the basin is surrounded by Polovnik in the south, Javor\u0161\u010dek in the east, and Svinjak and the high karst Kaninska range in the northeast.\" \/>\n<meta property=\"og:url\" content=\"https:\/\/www.martinov-hram.com\/en\/kam-v-bovcu-2\/\" \/>\n<meta property=\"og:site_name\" content=\"Martinov Hram B&amp;B\" \/>\n<meta property=\"article:modified_time\" content=\"2023-04-22T06:02:15+00:00\" \/>\n<meta property=\"og:image\" content=\"https:\/\/www.martinov-hram.com\/wp-content\/uploads\/2023\/01\/bovec-7.jpeg\" \/>\n\t<meta property=\"og:image:width\" content=\"1500\" \/>\n\t<meta property=\"og:image:height\" content=\"998\" \/>\n\t<meta property=\"og:image:type\" content=\"image\/jpeg\" \/>\n<meta name=\"twitter:card\" content=\"summary_large_image\" \/>\n<script type=\"application\/ld+json\" class=\"yoast-schema-graph\">{\"@context\":\"https:\/\/schema.org\",\"@graph\":[{\"@type\":\"WebPage\",\"@id\":\"https:\/\/www.martinov-hram.com\/en\/kam-v-bovcu-2\/\",\"url\":\"https:\/\/www.martinov-hram.com\/en\/kam-v-bovcu-2\/\",\"name\":\"Explore &#8226; Martinov Hram B&B\",\"isPartOf\":{\"@id\":\"https:\/\/www.martinov-hram.com\/#website\"},\"primaryImageOfPage\":{\"@id\":\"https:\/\/www.martinov-hram.com\/en\/kam-v-bovcu-2\/#primaryimage\"},\"image\":{\"@id\":\"https:\/\/www.martinov-hram.com\/en\/kam-v-bovcu-2\/#primaryimage\"},\"thumbnailUrl\":\"https:\/\/www.martinov-hram.com\/wp-content\/uploads\/2023\/01\/bovec-7.jpeg?wsr\",\"datePublished\":\"2023-01-14T08:33:08+00:00\",\"dateModified\":\"2023-04-22T06:02:15+00:00\",\"description\":\"Bovec is a Slovenian town with around 1,600 inhabitants and the center of the municipality of Bovec. The village is located under the southern slope of Rombon, on the highest So\u010da terrace, along the northern edge of the Bov\u0161ka basin. In addition to Rombon, the basin is surrounded by Polovnik in the south, Javor\u0161\u010dek in the east, and Svinjak and the high karst Kaninska range in the northeast.\",\"breadcrumb\":{\"@id\":\"https:\/\/www.martinov-hram.com\/en\/kam-v-bovcu-2\/#breadcrumb\"},\"inLanguage\":\"en-US\",\"potentialAction\":[{\"@type\":\"ReadAction\",\"target\":[\"https:\/\/www.martinov-hram.com\/en\/kam-v-bovcu-2\/\"]}]},{\"@type\":\"ImageObject\",\"inLanguage\":\"en-US\",\"@id\":\"https:\/\/www.martinov-hram.com\/en\/kam-v-bovcu-2\/#primaryimage\",\"url\":\"https:\/\/www.martinov-hram.com\/wp-content\/uploads\/2023\/01\/bovec-7.jpeg?wsr\",\"contentUrl\":\"https:\/\/www.martinov-hram.com\/wp-content\/uploads\/2023\/01\/bovec-7.jpeg?wsr\",\"width\":1500,\"height\":998},{\"@type\":\"BreadcrumbList\",\"@id\":\"https:\/\/www.martinov-hram.com\/en\/kam-v-bovcu-2\/#breadcrumb\",\"itemListElement\":[{\"@type\":\"ListItem\",\"position\":1,\"name\":\"Domov\",\"item\":\"https:\/\/www.martinov-hram.com\/en\/\"},{\"@type\":\"ListItem\",\"position\":2,\"name\":\"Explore\"}]},{\"@type\":\"WebSite\",\"@id\":\"https:\/\/www.martinov-hram.com\/#website\",\"url\":\"https:\/\/www.martinov-hram.com\/\",\"name\":\"Martinov hram - preno\u010di\u0161\u010de in gosti\u0161\u010de\",\"description\":\"Martinov hram gosti\u0161\u010de v Bovcu vam nudi 12 sodobno opremljenih sob, prijeten ambient, zunanji letni vrt in pester izbor lokalnih in klasi\u010dnih jedi.\",\"alternateName\":\"Martinov hram\",\"potentialAction\":[{\"@type\":\"SearchAction\",\"target\":{\"@type\":\"EntryPoint\",\"urlTemplate\":\"https:\/\/www.martinov-hram.com\/?s={search_term_string}\"},\"query-input\":{\"@type\":\"PropertyValueSpecification\",\"valueRequired\":true,\"valueName\":\"search_term_string\"}}],\"inLanguage\":\"en-US\"}]}<\/script>\n<!-- \/ Yoast SEO plugin. -->","yoast_head_json":{"title":"Explore &#8226; Martinov Hram B&B","description":"Bovec is a Slovenian town with around 1,600 inhabitants and the center of the municipality of Bovec. The village is located under the southern slope of Rombon, on the highest So\u010da terrace, along the northern edge of the Bov\u0161ka basin. In addition to Rombon, the basin is surrounded by Polovnik in the south, Javor\u0161\u010dek in the east, and Svinjak and the high karst Kaninska range in the northeast.","robots":{"index":"index","follow":"follow","max-snippet":"max-snippet:-1","max-image-preview":"max-image-preview:large","max-video-preview":"max-video-preview:-1"},"canonical":"https:\/\/www.martinov-hram.com\/en\/kam-v-bovcu-2\/","og_locale":"en_US","og_type":"article","og_title":"Explore &#8226; Martinov Hram B&B","og_description":"Bovec is a Slovenian town with around 1,600 inhabitants and the center of the municipality of Bovec. The village is located under the southern slope of Rombon, on the highest So\u010da terrace, along the northern edge of the Bov\u0161ka basin. In addition to Rombon, the basin is surrounded by Polovnik in the south, Javor\u0161\u010dek in the east, and Svinjak and the high karst Kaninska range in the northeast.","og_url":"https:\/\/www.martinov-hram.com\/en\/kam-v-bovcu-2\/","og_site_name":"Martinov Hram B&B","article_modified_time":"2023-04-22T06:02:15+00:00","og_image":[{"width":1500,"height":998,"url":"https:\/\/www.martinov-hram.com\/wp-content\/uploads\/2023\/01\/bovec-7.jpeg","type":"image\/jpeg"}],"twitter_card":"summary_large_image","schema":{"@context":"https:\/\/schema.org","@graph":[{"@type":"WebPage","@id":"https:\/\/www.martinov-hram.com\/en\/kam-v-bovcu-2\/","url":"https:\/\/www.martinov-hram.com\/en\/kam-v-bovcu-2\/","name":"Explore &#8226; Martinov Hram B&B","isPartOf":{"@id":"https:\/\/www.martinov-hram.com\/#website"},"primaryImageOfPage":{"@id":"https:\/\/www.martinov-hram.com\/en\/kam-v-bovcu-2\/#primaryimage"},"image":{"@id":"https:\/\/www.martinov-hram.com\/en\/kam-v-bovcu-2\/#primaryimage"},"thumbnailUrl":"https:\/\/www.martinov-hram.com\/wp-content\/uploads\/2023\/01\/bovec-7.jpeg?wsr","datePublished":"2023-01-14T08:33:08+00:00","dateModified":"2023-04-22T06:02:15+00:00","description":"Bovec is a Slovenian town with around 1,600 inhabitants and the center of the municipality of Bovec. The village is located under the southern slope of Rombon, on the highest So\u010da terrace, along the northern edge of the Bov\u0161ka basin. In addition to Rombon, the basin is surrounded by Polovnik in the south, Javor\u0161\u010dek in the east, and Svinjak and the high karst Kaninska range in the northeast.","breadcrumb":{"@id":"https:\/\/www.martinov-hram.com\/en\/kam-v-bovcu-2\/#breadcrumb"},"inLanguage":"en-US","potentialAction":[{"@type":"ReadAction","target":["https:\/\/www.martinov-hram.com\/en\/kam-v-bovcu-2\/"]}]},{"@type":"ImageObject","inLanguage":"en-US","@id":"https:\/\/www.martinov-hram.com\/en\/kam-v-bovcu-2\/#primaryimage","url":"https:\/\/www.martinov-hram.com\/wp-content\/uploads\/2023\/01\/bovec-7.jpeg?wsr","contentUrl":"https:\/\/www.martinov-hram.com\/wp-content\/uploads\/2023\/01\/bovec-7.jpeg?wsr","width":1500,"height":998},{"@type":"BreadcrumbList","@id":"https:\/\/www.martinov-hram.com\/en\/kam-v-bovcu-2\/#breadcrumb","itemListElement":[{"@type":"ListItem","position":1,"name":"Domov","item":"https:\/\/www.martinov-hram.com\/en\/"},{"@type":"ListItem","position":2,"name":"Explore"}]},{"@type":"WebSite","@id":"https:\/\/www.martinov-hram.com\/#website","url":"https:\/\/www.martinov-hram.com\/","name":"Martinov hram - preno\u010di\u0161\u010de in gosti\u0161\u010de","description":"Martinov hram gosti\u0161\u010de v Bovcu vam nudi 12 sodobno opremljenih sob, prijeten ambient, zunanji letni vrt in pester izbor lokalnih in klasi\u010dnih jedi.","alternateName":"Martinov hram","potentialAction":[{"@type":"SearchAction","target":{"@type":"EntryPoint","urlTemplate":"https:\/\/www.martinov-hram.com\/?s={search_term_string}"},"query-input":{"@type":"PropertyValueSpecification","valueRequired":true,"valueName":"search_term_string"}}],"inLanguage":"en-US"}]}},"featured_image_src":"https:\/\/www.martinov-hram.com\/wp-content\/uploads\/2023\/01\/bovec-7-600x400.jpeg?wsr","featured_image_src_square":"https:\/\/www.martinov-hram.com\/wp-content\/uploads\/2023\/01\/bovec-7-600x600.jpeg?wsr","_links":{"self":[{"href":"https:\/\/www.martinov-hram.com\/en\/wp-json\/wp\/v2\/pages\/538"}],"collection":[{"href":"https:\/\/www.martinov-hram.com\/en\/wp-json\/wp\/v2\/pages"}],"about":[{"href":"https:\/\/www.martinov-hram.com\/en\/wp-json\/wp\/v2\/types\/page"}],"author":[{"embeddable":true,"href":"https:\/\/www.martinov-hram.com\/en\/wp-json\/wp\/v2\/users\/1"}],"replies":[{"embeddable":true,"href":"https:\/\/www.martinov-hram.com\/en\/wp-json\/wp\/v2\/comments?post=538"}],"version-history":[{"count":3,"href":"https:\/\/www.martinov-hram.com\/en\/wp-json\/wp\/v2\/pages\/538\/revisions"}],"predecessor-version":[{"id":843,"href":"https:\/\/www.martinov-hram.com\/en\/wp-json\/wp\/v2\/pages\/538\/revisions\/843"}],"wp:featuredmedia":[{"embeddable":true,"href":"https:\/\/www.martinov-hram.com\/en\/wp-json\/wp\/v2\/media\/321"}],"wp:attachment":[{"href":"https:\/\/www.martinov-hram.com\/en\/wp-json\/wp\/v2\/media?parent=538"}],"curies":[{"name":"wp","href":"https:\/\/api.w.org\/{rel}","templated":true}]}}